{"id":3689,"date":"2023-11-16T18:40:17","date_gmt":"2023-11-16T17:40:17","guid":{"rendered":"https:\/\/www.sejour-riad-maroc.fr\/?page_id=3689"},"modified":"2023-11-26T18:41:11","modified_gmt":"2023-11-26T17:41:11","slug":"a-propos","status":"publish","type":"page","link":"https:\/\/www.sejour-riad-maroc.fr\/index.php\/a-propos\/","title":{"rendered":"A propos"},"content":{"rendered":"\t\t<div data-elementor-type=\"wp-page\" data-elementor-id=\"3689\" class=\"elementor elementor-3689\">\n\t\t\t\t\t\t<section class=\"elementor-section elementor-top-section elementor-element elementor-element-620f1e0 elementor-section-height-min-height elementor-section-boxed elementor-section-height-default elementor-section-items-middle wpr-particle-no wpr-jarallax-no wpr-parallax-no wpr-sticky-section-no\" data-id=\"620f1e0\" data-element_type=\"section\" data-e-type=\"section\" data-settings=\"{&quot;background_background&quot;:&quot;classic&quot;}\">\n\t\t\t\t\t\t<div class=\"elementor-container elementor-column-gap-default\">\n\t\t\t\t\t<div class=\"elementor-column elementor-col-100 elementor-top-column elementor-element elementor-element-329c29b\" data-id=\"329c29b\" data-element_type=\"column\" data-e-type=\"column\">\n\t\t\t<div class=\"elementor-widget-wrap elementor-element-populated\">\n\t\t\t\t\t\t<div class=\"elementor-element elementor-element-b4d3084 elementor-widget elementor-widget-heading\" data-id=\"b4d3084\" data-element_type=\"widget\" data-e-type=\"widget\" data-widget_type=\"heading.default\">\n\t\t\t\t<div class=\"elementor-widget-container\">\n\t\t\t\t\t<h2 class=\"elementor-heading-title elementor-size-default\">A propos de nous<\/h2>\t\t\t\t<\/div>\n\t\t\t\t<\/div>\n\t\t\t\t\t<\/div>\n\t\t<\/div>\n\t\t\t\t\t<\/div>\n\t\t<\/section>\n\t\t\t\t<section class=\"elementor-section elementor-top-section elementor-element elementor-element-2c44afc elementor-section-boxed elementor-section-height-default elementor-section-height-default wpr-particle-no wpr-jarallax-no wpr-parallax-no wpr-sticky-section-no\" data-id=\"2c44afc\" data-element_type=\"section\" data-e-type=\"section\" data-settings=\"{&quot;background_background&quot;:&quot;classic&quot;}\">\n\t\t\t\t\t\t<div class=\"elementor-container elementor-column-gap-default\">\n\t\t\t\t\t<div class=\"elementor-column elementor-col-100 elementor-top-column elementor-element elementor-element-5c14c37\" data-id=\"5c14c37\" data-element_type=\"column\" data-e-type=\"column\">\n\t\t\t<div class=\"elementor-widget-wrap elementor-element-populated\">\n\t\t\t\t\t\t<div class=\"elementor-element elementor-element-c94d9c7 elementor-widget elementor-widget-text-editor\" data-id=\"c94d9c7\" data-element_type=\"widget\" data-e-type=\"widget\" data-widget_type=\"text-editor.default\">\n\t\t\t\t<div class=\"elementor-widget-container\">\n\t\t\t\t\t\t\t\t\t<h1>\u00a0<\/h1><h1 style=\"text-align: center;\"><span style=\"color: #ffffff;\">BIENVENUE CHEZ\u00a0<span style=\"text-decoration: underline; color: #ffcc00;\"><em><strong>KASBAH PALMS SKOURA<\/strong><\/em><\/span> DU MAROC<\/span><\/h1><p style=\"text-align: center;\">Install\u00e9s depuis 2008, notre devise a toujours \u00e9t\u00e9 et est toujours :<br \/>\u00ab D\u00e9tendez-vous, on s\u2019occupe de tout ! \u00bb.<br \/>A ce titre, nous mettons un point d\u2019honneur \u00e0<br \/>proposer des services de conciergerie et des activit\u00e9s<br \/>de qualit\u00e9 \u00e0 la carte, pour que votre s\u00e9jour soit un<br \/>v\u00e9ritable moment de complicit\u00e9 et de s\u00e9r\u00e9nit\u00e9. Ces<br \/>prestations, au cahier des charges tr\u00e8s strict, sont<br \/>r\u00e9alis\u00e9s exclusivement par nos \u00e9quipes<br \/>op\u00e9rationnelles. Nous \u00e9coutons nos clients avant<br \/>toute chose, les conseillons et orchestrons leur s\u00e9jour<br \/>jusque dans les moindres d\u00e9tails pour que leur<br \/>exp\u00e9rience au Maroc soit purement inoubliable\u2026<\/p><p style=\"text-align: center;\">Chez <span style=\"text-decoration: underline;\"><span style=\"color: #ffcc00; text-decoration: underline;\"><em><strong>KASBAH PALMS SKOURA <\/strong><\/em><\/span><\/span>\u00e0 <span style=\"text-decoration: underline; color: #ffcc00;\"><em><strong>Skoura<\/strong><\/em><\/span>, vous ne serez jamais<br \/>seuls, ou plut\u00f4t si vous \u00eates seuls, c\u2019est que vous l\u2019aurez choisi \ud83d\ude09<br \/>Vous serez conseill\u00e9s et guid\u00e9s par notre \u00e9quipe<br \/>op\u00e9rationnelle install\u00e9e sur place, \u00e0 votre disposition<br \/>d\u00e8s votre arriv\u00e9e \u00e0 <span style=\"color: #ffcc00;\"><em><strong>Skoura<\/strong><\/em> <\/span>et jusqu\u2019\u00e0 votre d\u00e9part.<br \/>Une information utile \u00e0 obtenir, un conseil sur un<br \/>bon restaurant, ou encore un besoin de services de<br \/>conciergerie une fois sur place ? Notre \u00e9quipe a la<br \/>r\u00e9ponse et se fera un plaisir de r\u00e9pondre \u00e0 vos sollicitations.<\/p>\t\t\t\t\t\t\t\t<\/div>\n\t\t\t\t<\/div>\n\t\t\t\t<div class=\"elementor-element elementor-element-9641527 elementor-widget elementor-widget-heading\" data-id=\"9641527\" data-element_type=\"widget\" data-e-type=\"widget\" data-widget_type=\"heading.default\">\n\t\t\t\t<div class=\"elementor-widget-container\">\n\t\t\t\t\t<h2 class=\"elementor-heading-title elementor-size-default\">Nous Vous Souhaitons<br> un Agr\u00e9able S\u00e9jour..<\/h2>\t\t\t\t<\/div>\n\t\t\t\t<\/div>\n\t\t\t\t\t<\/div>\n\t\t<\/div>\n\t\t\t\t\t<\/div>\n\t\t<\/section>\n\t\t\t\t<section class=\"elementor-section elementor-top-section elementor-element elementor-element-c19dbbf elementor-section-boxed elementor-section-height-default elementor-section-height-default wpr-particle-no wpr-jarallax-no wpr-parallax-no wpr-sticky-section-no\" data-id=\"c19dbbf\" data-element_type=\"section\" data-e-type=\"section\" data-settings=\"{&quot;background_background&quot;:&quot;classic&quot;}\">\n\t\t\t\t\t\t<div class=\"elementor-container elementor-column-gap-default\">\n\t\t\t\t\t<div class=\"elementor-column elementor-col-100 elementor-top-column elementor-element elementor-element-7cd4b4b\" data-id=\"7cd4b4b\" data-element_type=\"column\" data-e-type=\"column\">\n\t\t\t<div class=\"elementor-widget-wrap elementor-element-populated\">\n\t\t\t\t\t\t<div class=\"elementor-element elementor-element-33e619c elementor-widget elementor-widget-spacer\" data-id=\"33e619c\" data-element_type=\"widget\" data-e-type=\"widget\" data-widget_type=\"spacer.default\">\n\t\t\t\t<div class=\"elementor-widget-container\">\n\t\t\t\t\t\t\t<div class=\"elementor-spacer\">\n\t\t\t<div class=\"elementor-spacer-inner\"><\/div>\n\t\t<\/div>\n\t\t\t\t\t\t<\/div>\n\t\t\t\t<\/div>\n\t\t\t\t\t<\/div>\n\t\t<\/div>\n\t\t\t\t\t<\/div>\n\t\t<\/section>\n\t\t\t\t<\/div>\n\t\t","protected":false},"excerpt":{"rendered":"<p>A propos de nous \u00a0 BIENVENUE CHEZ\u00a0KASBAH PALMS SKOURA DU MAROC Install\u00e9s depuis 2008, notre devise a toujours \u00e9t\u00e9 et est toujours :\u00ab D\u00e9tendez-vous, on s\u2019occupe de tout ! \u00bb.A ce titre, nous mettons un point d\u2019honneur \u00e0proposer des services de conciergerie et des activit\u00e9sde qualit\u00e9 \u00e0 la carte, pour que votre s\u00e9jour soit unv\u00e9ritable moment de complicit\u00e9 et de s\u00e9r\u00e9nit\u00e9. Cesprestations, au cahier des charges tr\u00e8s strict, sontr\u00e9alis\u00e9s exclusivement par nos \u00e9quipesop\u00e9rationnelles. Nous \u00e9coutons nos clients avanttoute chose, les conseillons et orchestrons leur s\u00e9jourjusque dans les moindres d\u00e9tails pour que leurexp\u00e9rience au Maroc soit purement inoubliable\u2026 Chez KASBAH PALMS SKOURA \u00e0 Skoura, vous ne serez jamaisseuls, ou plut\u00f4t si vous \u00eates seuls, c\u2019est que vous l\u2019aurez choisi \ud83d\ude09Vous serez conseill\u00e9s et guid\u00e9s par notre \u00e9quipeop\u00e9rationnelle install\u00e9e sur place, \u00e0 votre dispositiond\u00e8s votre arriv\u00e9e \u00e0 Skoura et jusqu\u2019\u00e0 votre d\u00e9part.Une information utile \u00e0 obtenir, un conseil sur unbon restaurant, ou encore un besoin de services deconciergerie une fois sur place ? Notre \u00e9quipe a lar\u00e9ponse et se fera un plaisir de r\u00e9pondre \u00e0 vos sollicitations. Nous Vous Souhaitons un Agr\u00e9able S\u00e9jour..<\/p>\n","protected":false},"author":8,"featured_media":0,"parent":0,"menu_order":0,"comment_status":"closed","ping_status":"closed","template":"elementor_header_footer","meta":{"ocean_post_layout":"","ocean_both_sidebars_style":"","ocean_both_sidebars_content_width":0,"ocean_both_sidebars_sidebars_width":0,"ocean_sidebar":"0","ocean_second_sidebar":"0","ocean_disable_margins":"enable","ocean_add_body_class":"","ocean_shortcode_before_top_bar":"","ocean_shortcode_after_top_bar":"","ocean_shortcode_before_header":"","ocean_shortcode_after_header":"","ocean_has_shortcode":"","ocean_shortcode_after_title":"","ocean_shortcode_before_footer_widgets":"","ocean_shortcode_after_footer_widgets":"","ocean_shortcode_before_footer_bottom":"","ocean_shortcode_after_footer_bottom":"","ocean_display_top_bar":"default","ocean_display_header":"default","ocean_header_style":"","ocean_center_header_left_menu":"0","ocean_custom_header_template":"0","ocean_custom_logo":0,"ocean_custom_retina_logo":0,"ocean_custom_logo_max_width":0,"ocean_custom_logo_tablet_max_width":0,"ocean_custom_logo_mobile_max_width":0,"ocean_custom_logo_max_height":0,"ocean_custom_logo_tablet_max_height":0,"ocean_custom_logo_mobile_max_height":0,"ocean_header_custom_menu":"0","ocean_menu_typo_font_family":"0","ocean_menu_typo_font_subset":"","ocean_menu_typo_font_size":0,"ocean_menu_typo_font_size_tablet":0,"ocean_menu_typo_font_size_mobile":0,"ocean_menu_typo_font_size_unit":"px","ocean_menu_typo_font_weight":"","ocean_menu_typo_font_weight_tablet":"","ocean_menu_typo_font_weight_mobile":"","ocean_menu_typo_transform":"","ocean_menu_typo_transform_tablet":"","ocean_menu_typo_transform_mobile":"","ocean_menu_typo_line_height":0,"ocean_menu_typo_line_height_tablet":0,"ocean_menu_typo_line_height_mobile":0,"ocean_menu_typo_line_height_unit":"","ocean_menu_typo_spacing":0,"ocean_menu_typo_spacing_tablet":0,"ocean_menu_typo_spacing_mobile":0,"ocean_menu_typo_spacing_unit":"","ocean_menu_link_color":"","ocean_menu_link_color_hover":"","ocean_menu_link_color_active":"","ocean_menu_link_background":"","ocean_menu_link_hover_background":"","ocean_menu_link_active_background":"","ocean_menu_social_links_bg":"","ocean_menu_social_hover_links_bg":"","ocean_menu_social_links_color":"","ocean_menu_social_hover_links_color":"","ocean_disable_title":"default","ocean_disable_heading":"default","ocean_post_title":"","ocean_post_subheading":"","ocean_post_title_style":"","ocean_post_title_background_color":"","ocean_post_title_background":0,"ocean_post_title_bg_image_position":"","ocean_post_title_bg_image_attachment":"","ocean_post_title_bg_image_repeat":"","ocean_post_title_bg_image_size":"","ocean_post_title_height":0,"ocean_post_title_bg_overlay":0.5,"ocean_post_title_bg_overlay_color":"","ocean_disable_breadcrumbs":"default","ocean_breadcrumbs_color":"","ocean_breadcrumbs_separator_color":"","ocean_breadcrumbs_links_color":"","ocean_breadcrumbs_links_hover_color":"","ocean_display_footer_widgets":"default","ocean_display_footer_bottom":"default","ocean_custom_footer_template":"0","footnotes":""},"class_list":["post-3689","page","type-page","status-publish","hentry","entry"],"_links":{"self":[{"href":"https:\/\/www.sejour-riad-maroc.fr\/index.php\/wp-json\/wp\/v2\/pages\/3689","targetHints":{"allow":["GET"]}}],"collection":[{"href":"https:\/\/www.sejour-riad-maroc.fr\/index.php\/wp-json\/wp\/v2\/pages"}],"about":[{"href":"https:\/\/www.sejour-riad-maroc.fr\/index.php\/wp-json\/wp\/v2\/types\/page"}],"author":[{"embeddable":true,"href":"https:\/\/www.sejour-riad-maroc.fr\/index.php\/wp-json\/wp\/v2\/users\/8"}],"replies":[{"embeddable":true,"href":"https:\/\/www.sejour-riad-maroc.fr\/index.php\/wp-json\/wp\/v2\/comments?post=3689"}],"version-history":[{"count":0,"href":"https:\/\/www.sejour-riad-maroc.fr\/index.php\/wp-json\/wp\/v2\/pages\/3689\/revisions"}],"wp:attachment":[{"href":"https:\/\/www.sejour-riad-maroc.fr\/index.php\/wp-json\/wp\/v2\/media?parent=3689"}],"curies":[{"name":"wp","href":"https:\/\/api.w.org\/{rel}","templated":true}]}}